{"id":10,"date":"2025-01-02T14:23:01","date_gmt":"2025-01-02T17:23:01","guid":{"rendered":"https:\/\/treetech.inf.puc-rio.br\/?page_id=10"},"modified":"2025-04-02T17:49:46","modified_gmt":"2025-04-02T20:49:46","slug":"equipe","status":"publish","type":"page","link":"https:\/\/treetech.inf.puc-rio.br\/index.php\/equipe\/","title":{"rendered":"Equipe"},"content":{"rendered":"\n<p class=\"has-white-color has-vivid-cyan-blue-background-color has-text-color has-background has-link-color has-medium-font-size wp-elements-90888796f2840c05eb30b5c2fc22da30\"><strong>Professores<\/strong><\/p>\n\n\n\n<ul class=\"wp-block-list\">\n<li>Alberto SARDINHA<\/li>\n\n\n\n<li>Augusto BAFFA<\/li>\n\n\n\n<li>Edward HERMANN Haeusler<\/li>\n\n\n\n<li>Marcos Vianna VILLAS<\/li>\n\n\n\n<li>S\u00e9rgio LIFSCHITZ<\/li>\n<\/ul>\n\n\n\n<p class=\"has-white-color has-vivid-cyan-blue-background-color has-text-color has-background has-link-color has-medium-font-size wp-elements-90c83ba3fd970af3c8692cba5e2b73e0\"><strong>Pesquisadores e Colaboradores<\/strong><\/p>\n\n\n\n<ul class=\"wp-block-list\">\n<li>Arthur ITUASSU<\/li>\n\n\n\n<li>Bruno BONDAROVSKY<\/li>\n\n\n\n<li>Carlos LAUFER<\/li>\n\n\n\n<li>Daniel SCHWABE<\/li>\n\n\n\n<li>Fernando PINTO<\/li>\n\n\n\n<li>Jefferson SANTOS<\/li>\n<\/ul>\n\n\n\n<p class=\"has-white-color has-vivid-cyan-blue-background-color has-text-color has-background has-link-color has-medium-font-size wp-elements-0d5a027dd988444f751c8ddf82fb8076\"><strong>Alunos de p\u00f3s-gradua\u00e7\u00e3o<\/strong><\/p>\n\n\n\n<ul class=\"wp-block-list\">\n<li>Alexandre HEINE<\/li>\n\n\n\n<li>Luiz Fellipe C\u00c2MARA<\/li>\n\n\n\n<li>Mariana Porto BARRETO<\/li>\n\n\n\n<li>Rodrigo MOTTA<\/li>\n\n\n\n<li>Radhanama MESIANO<\/li>\n\n\n\n<li>J\u00f4natas PESSANHA<\/li>\n\n\n\n<li>Claudio CAVALCANTE<\/li>\n\n\n\n<li>Antony Seabra MEDEIROS<\/li>\n<\/ul>\n\n\n\n<p class=\"has-white-color has-vivid-cyan-blue-background-color has-text-color has-background has-link-color has-medium-font-size wp-elements-e3e1fbee3e7de88cf649c6310683108e\"><strong>Alunos de gradua\u00e7\u00e3o<\/strong><\/p>\n\n\n\n<ul class=\"wp-block-list\">\n<li>Eduardo ZACOUR<\/li>\n\n\n\n<li>Enzo MILMAN<\/li>\n\n\n\n<li>Guilherme MARQUES<\/li>\n\n\n\n<li>Hanna EPELBOIM<\/li>\n\n\n\n<li>Luiz Augusto PAPA<\/li>\n\n\n\n<li>Jo\u00e3o Felipe MOTTA<\/li>\n\n\n\n<li>Jo\u00e3o Gabriel CAVALCANTI<\/li>\n\n\n\n<li>Oliver HOERDE<\/li>\n\n\n\n<li>Pedro CUNHA<\/li>\n\n\n\n<li>Pedro PIQUET<\/li>\n\n\n\n<li>Thiago BECKER<\/li>\n\n\n\n<li>Tomaz NEVES<\/li>\n<\/ul>\n","protected":false},"excerpt":{"rendered":"<p>Professores Pesquisadores e Colaboradores Alunos de p\u00f3s-gradua\u00e7\u00e3o Alunos de gradua\u00e7\u00e3o<\/p>\n","protected":false},"author":1,"featured_media":0,"parent":0,"menu_order":0,"comment_status":"closed","ping_status":"closed","template":"","meta":{"footnotes":""},"class_list":["post-10","page","type-page","status-publish","hentry"],"jetpack_sharing_enabled":true,"_links":{"self":[{"href":"https:\/\/treetech.inf.puc-rio.br\/index.php\/wp-json\/wp\/v2\/pages\/10","targetHints":{"allow":["GET"]}}],"collection":[{"href":"https:\/\/treetech.inf.puc-rio.br\/index.php\/wp-json\/wp\/v2\/pages"}],"about":[{"href":"https:\/\/treetech.inf.puc-rio.br\/index.php\/wp-json\/wp\/v2\/types\/page"}],"author":[{"embeddable":true,"href":"https:\/\/treetech.inf.puc-rio.br\/index.php\/wp-json\/wp\/v2\/users\/1"}],"replies":[{"embeddable":true,"href":"https:\/\/treetech.inf.puc-rio.br\/index.php\/wp-json\/wp\/v2\/comments?post=10"}],"version-history":[{"count":10,"href":"https:\/\/treetech.inf.puc-rio.br\/index.php\/wp-json\/wp\/v2\/pages\/10\/revisions"}],"predecessor-version":[{"id":120,"href":"https:\/\/treetech.inf.puc-rio.br\/index.php\/wp-json\/wp\/v2\/pages\/10\/revisions\/120"}],"wp:attachment":[{"href":"https:\/\/treetech.inf.puc-rio.br\/index.php\/wp-json\/wp\/v2\/media?parent=10"}],"curies":[{"name":"wp","href":"https:\/\/api.w.org\/{rel}","templated":true}]}}