{"id":15,"date":"2025-01-02T14:23:47","date_gmt":"2025-01-02T17:23:47","guid":{"rendered":"https:\/\/treetech.inf.puc-rio.br\/?page_id=15"},"modified":"2025-04-04T17:24:23","modified_gmt":"2025-04-04T20:24:23","slug":"projetos","status":"publish","type":"page","link":"https:\/\/treetech.inf.puc-rio.br\/index.php\/projetos\/","title":{"rendered":"Projetos"},"content":{"rendered":"\n<p class=\"has-white-color has-text-color has-background has-link-color has-medium-font-size wp-elements-c7a52bf6a20a15e8b17082174877b2e1\" style=\"background-color:#034873\"><a href=\"https:\/\/www.centraldasemendas.info\" data-type=\"link\" data-id=\"https:\/\/handson.biobd.inf.puc-rio.br\/\">Central das Emendas<\/a> &#8211; <em>Plataforma de dados e colabora\u00e7\u00e3o sobre as emendas parlamentares.<\/em><br><a href=\"https:\/\/treetech.inf.puc-rio.br\/index.php\/2025\/04\/04\/programacao-lancamento-central-de-emendas\/\" data-type=\"post\" data-id=\"130\">Programa\u00e7\u00e3o p\/ Semin\u00e1rio de Lan\u00e7amento da Plataforma 07\/abril\/2025<\/a><\/p>\n\n\n\n<p class=\"has-black-color has-luminous-vivid-amber-background-color has-text-color has-background has-link-color has-medium-font-size wp-elements-c05d7b3924191baf545895f4c47da4ca\"><a href=\"https:\/\/handson.biobd.inf.puc-rio.br\/\" data-type=\"link\" data-id=\"https:\/\/handson.biobd.inf.puc-rio.br\/\"><strong>Hands On<\/strong><\/a> &#8211; <em>Ajuda Humanit\u00e1ria<\/em><\/p>\n\n\n\n<p class=\"has-black-color has-pale-cyan-blue-background-color has-text-color has-background has-link-color has-medium-font-size wp-elements-04a6494d4eb5f82ec579c0f9f8cc2ceb\"><a href=\"https:\/\/mabilin.biobd.inf.puc-rio.br\/\"><strong>Mabilin<\/strong><\/a> &#8211; <em>Rastreio do transtorno do desenvolvimento da linguagem (TDL)<\/em><\/p>\n\n\n\n<p class=\"has-black-color has-vivid-green-cyan-background-color has-text-color has-background has-link-color has-medium-font-size wp-elements-af0c6529f181f4fa93c2f992c7686ecd\"><a href=\"https:\/\/myriel.biobd.inf.puc-rio.br\/\"><strong>Myriel<\/strong><\/a> &#8211; <em>Gest\u00e3o de loca\u00e7\u00f5es<\/em><\/p>\n\n\n\n<p class=\"has-black-color has-luminous-vivid-orange-background-color has-text-color has-background has-link-color has-medium-font-size wp-elements-7ea2c3bc75ad31775cd83be4b78882fb\"><strong>Litig\u00e2ncia Clim\u00e1tica<\/strong> &#8211; <em>Direito Ambiental<\/em><\/p>\n","protected":false},"excerpt":{"rendered":"<p>Central das Emendas &#8211; Plataforma de dados e colabora\u00e7\u00e3o sobre as emendas parlamentares.Programa\u00e7\u00e3o p\/ Semin\u00e1rio de Lan\u00e7amento da Plataforma 07\/abril\/2025 Hands On &#8211; Ajuda Humanit\u00e1ria Mabilin &#8211; Rastreio do transtorno do desenvolvimento da linguagem (TDL) Myriel &#8211; Gest\u00e3o de loca\u00e7\u00f5es Litig\u00e2ncia Clim\u00e1tica &#8211; Direito Ambiental<\/p>\n","protected":false},"author":1,"featured_media":0,"parent":0,"menu_order":0,"comment_status":"closed","ping_status":"closed","template":"","meta":{"footnotes":""},"class_list":["post-15","page","type-page","status-publish","hentry"],"jetpack_sharing_enabled":true,"_links":{"self":[{"href":"https:\/\/treetech.inf.puc-rio.br\/index.php\/wp-json\/wp\/v2\/pages\/15","targetHints":{"allow":["GET"]}}],"collection":[{"href":"https:\/\/treetech.inf.puc-rio.br\/index.php\/wp-json\/wp\/v2\/pages"}],"about":[{"href":"https:\/\/treetech.inf.puc-rio.br\/index.php\/wp-json\/wp\/v2\/types\/page"}],"author":[{"embeddable":true,"href":"https:\/\/treetech.inf.puc-rio.br\/index.php\/wp-json\/wp\/v2\/users\/1"}],"replies":[{"embeddable":true,"href":"https:\/\/treetech.inf.puc-rio.br\/index.php\/wp-json\/wp\/v2\/comments?post=15"}],"version-history":[{"count":11,"href":"https:\/\/treetech.inf.puc-rio.br\/index.php\/wp-json\/wp\/v2\/pages\/15\/revisions"}],"predecessor-version":[{"id":155,"href":"https:\/\/treetech.inf.puc-rio.br\/index.php\/wp-json\/wp\/v2\/pages\/15\/revisions\/155"}],"wp:attachment":[{"href":"https:\/\/treetech.inf.puc-rio.br\/index.php\/wp-json\/wp\/v2\/media?parent=15"}],"curies":[{"name":"wp","href":"https:\/\/api.w.org\/{rel}","templated":true}]}}